{"id":501,"date":"2015-02-12T15:18:08","date_gmt":"2015-02-12T15:18:08","guid":{"rendered":"https:\/\/blink.symbioseo.fr\/site\/?page_id=501"},"modified":"2020-05-06T08:58:20","modified_gmt":"2020-05-06T08:58:20","slug":"demander-un-devis","status":"publish","type":"page","link":"https:\/\/blink.symbioseo.fr\/site\/demander-un-devis\/","title":{"rendered":"Demander un devis"},"content":{"rendered":"<p><strong>L&rsquo;agence Business Link est sp\u00e9cialis\u00e9 en marketing digital B2B.<\/strong><\/p>\n<p>Notre \u00e9quipe d&rsquo;experts est \u00e0 votre \u00e9coute pour \u00e9changer de vos probl\u00e9matiques et vous conseiller sur la solution marketing \u00e0 mettre en place.<\/p>\n<p>Demandez-nous un devis gratuitement via le formulaire ci contre, ou en nous contactant par t\u00e9l\u00e9phone :<\/p>\n<p>Business Link<br \/>\n 59 rue de l&rsquo;Union<br \/>\n 59200 Tourcoing<br \/>\n <strong>03 59 057 053<\/strong><\/p>\n<p><iframe loading=\"lazy\" style=\"border: 0;\" src=\"https:\/\/www.google.com\/maps\/embed?pb=!1m14!1m8!1m3!1d10106.21956001817!2d3.167538!3d50.709644!3m2!1i1024!2i768!4f13.1!3m3!1m2!1s0x0%3A0xe28e8ba72357f6d6!2sBusiness+Link!5e0!3m2!1sfr!2sfr!4v1424244412702\" width=\"260\" height=\"250\" frameborder=\"0\"><\/iframe><\/p>\n","protected":false},"excerpt":{"rendered":"<p>L&rsquo;agence Business Link est sp\u00e9cialis\u00e9 en marketing digital B2B. Notre \u00e9quipe d&rsquo;experts est \u00e0 votre \u00e9coute pour \u00e9changer de vos probl\u00e9matiques et vous conseiller sur la solution marketing \u00e0 mettre en place. Demandez-nous un devis gratuitement via le formulaire ci contre, ou en nous contactant par t\u00e9l\u00e9phone : Business Link 59 rue de l&rsquo;Union 59200 [&hellip;]<\/p>\n","protected":false},"author":1,"featured_media":0,"parent":0,"menu_order":0,"comment_status":"open","ping_status":"open","template":"template\/page-form.php","meta":{"_acf_changed":false,"footnotes":""},"class_list":["post-501","page","type-page","status-publish","hentry"],"acf":[],"yoast_head":"<!-- This site is optimized with the Yoast SEO plugin v27.1 - https:\/\/yoast.com\/product\/yoast-seo-wordpress\/ -->\n<title>Demander un devis | Business Link<\/title>\n<meta name=\"description\" content=\"L&#039;agence Business Link est sp\u00e9cialis\u00e9 en marketing digital B2B. Notre \u00e9quipe d&#039;experts est \u00e0 votre \u00e9coute pour \u00e9changer de vos probl\u00e9matiques et vous\" \/>\n<meta name=\"robots\" content=\"noindex, follow, max-snippet:-1, max-image-preview:large, max-video-preview:-1\" \/>\n<meta property=\"og:locale\" content=\"fr_FR\" \/>\n<meta property=\"og:type\" content=\"article\" \/>\n<meta property=\"og:title\" content=\"Demander un devis | Business Link\" \/>\n<meta property=\"og:description\" content=\"L&#039;agence Business Link est sp\u00e9cialis\u00e9 en marketing digital B2B. Notre \u00e9quipe d&#039;experts est \u00e0 votre \u00e9coute pour \u00e9changer de vos probl\u00e9matiques et vous\" \/>\n<meta property=\"og:url\" content=\"https:\/\/blink.symbioseo.fr\/site\/demander-un-devis\/\" \/>\n<meta property=\"og:site_name\" content=\"Business Link\" \/>\n<meta property=\"article:modified_time\" content=\"2020-05-06T08:58:20+00:00\" \/>\n<script type=\"application\/ld+json\" class=\"yoast-schema-graph\">{\"@context\":\"https:\/\/schema.org\",\"@graph\":[{\"@type\":\"WebPage\",\"@id\":\"https:\/\/blink.symbioseo.fr\/site\/demander-un-devis\/\",\"url\":\"https:\/\/blink.symbioseo.fr\/site\/demander-un-devis\/\",\"name\":\"Demander un devis | Business Link\",\"isPartOf\":{\"@id\":\"https:\/\/blink.symbioseo.fr\/site\/#website\"},\"datePublished\":\"2015-02-12T15:18:08+00:00\",\"dateModified\":\"2020-05-06T08:58:20+00:00\",\"description\":\"L'agence Business Link est sp\u00e9cialis\u00e9 en marketing digital B2B. Notre \u00e9quipe d'experts est \u00e0 votre \u00e9coute pour \u00e9changer de vos probl\u00e9matiques et vous\",\"breadcrumb\":{\"@id\":\"https:\/\/blink.symbioseo.fr\/site\/demander-un-devis\/#breadcrumb\"},\"inLanguage\":\"fr-FR\",\"potentialAction\":[{\"@type\":\"ReadAction\",\"target\":[\"https:\/\/blink.symbioseo.fr\/site\/demander-un-devis\/\"]}]},{\"@type\":\"BreadcrumbList\",\"@id\":\"https:\/\/blink.symbioseo.fr\/site\/demander-un-devis\/#breadcrumb\",\"itemListElement\":[{\"@type\":\"ListItem\",\"position\":1,\"name\":\"Accueil\",\"item\":\"https:\/\/blink.symbioseo.fr\/site\/\"},{\"@type\":\"ListItem\",\"position\":2,\"name\":\"Demander un devis\"}]},{\"@type\":\"WebSite\",\"@id\":\"https:\/\/blink.symbioseo.fr\/site\/#website\",\"url\":\"https:\/\/blink.symbioseo.fr\/site\/\",\"name\":\"Business Link\",\"description\":\"L&#039;expert B2B qui accompagne votre d\u00e9veloppement\",\"potentialAction\":[{\"@type\":\"SearchAction\",\"target\":{\"@type\":\"EntryPoint\",\"urlTemplate\":\"https:\/\/blink.symbioseo.fr\/site\/?s={search_term_string}\"},\"query-input\":{\"@type\":\"PropertyValueSpecification\",\"valueRequired\":true,\"valueName\":\"search_term_string\"}}],\"inLanguage\":\"fr-FR\"}]}<\/script>\n<!-- \/ Yoast SEO plugin. -->","yoast_head_json":{"title":"Demander un devis | Business Link","description":"L'agence Business Link est sp\u00e9cialis\u00e9 en marketing digital B2B. Notre \u00e9quipe d'experts est \u00e0 votre \u00e9coute pour \u00e9changer de vos probl\u00e9matiques et vous","robots":{"index":"noindex","follow":"follow","max-snippet":"max-snippet:-1","max-image-preview":"max-image-preview:large","max-video-preview":"max-video-preview:-1"},"og_locale":"fr_FR","og_type":"article","og_title":"Demander un devis | Business Link","og_description":"L'agence Business Link est sp\u00e9cialis\u00e9 en marketing digital B2B. Notre \u00e9quipe d'experts est \u00e0 votre \u00e9coute pour \u00e9changer de vos probl\u00e9matiques et vous","og_url":"https:\/\/blink.symbioseo.fr\/site\/demander-un-devis\/","og_site_name":"Business Link","article_modified_time":"2020-05-06T08:58:20+00:00","schema":{"@context":"https:\/\/schema.org","@graph":[{"@type":"WebPage","@id":"https:\/\/blink.symbioseo.fr\/site\/demander-un-devis\/","url":"https:\/\/blink.symbioseo.fr\/site\/demander-un-devis\/","name":"Demander un devis | Business Link","isPartOf":{"@id":"https:\/\/blink.symbioseo.fr\/site\/#website"},"datePublished":"2015-02-12T15:18:08+00:00","dateModified":"2020-05-06T08:58:20+00:00","description":"L'agence Business Link est sp\u00e9cialis\u00e9 en marketing digital B2B. Notre \u00e9quipe d'experts est \u00e0 votre \u00e9coute pour \u00e9changer de vos probl\u00e9matiques et vous","breadcrumb":{"@id":"https:\/\/blink.symbioseo.fr\/site\/demander-un-devis\/#breadcrumb"},"inLanguage":"fr-FR","potentialAction":[{"@type":"ReadAction","target":["https:\/\/blink.symbioseo.fr\/site\/demander-un-devis\/"]}]},{"@type":"BreadcrumbList","@id":"https:\/\/blink.symbioseo.fr\/site\/demander-un-devis\/#breadcrumb","itemListElement":[{"@type":"ListItem","position":1,"name":"Accueil","item":"https:\/\/blink.symbioseo.fr\/site\/"},{"@type":"ListItem","position":2,"name":"Demander un devis"}]},{"@type":"WebSite","@id":"https:\/\/blink.symbioseo.fr\/site\/#website","url":"https:\/\/blink.symbioseo.fr\/site\/","name":"Business Link","description":"L&#039;expert B2B qui accompagne votre d\u00e9veloppement","potentialAction":[{"@type":"SearchAction","target":{"@type":"EntryPoint","urlTemplate":"https:\/\/blink.symbioseo.fr\/site\/?s={search_term_string}"},"query-input":{"@type":"PropertyValueSpecification","valueRequired":true,"valueName":"search_term_string"}}],"inLanguage":"fr-FR"}]}},"_links":{"self":[{"href":"https:\/\/blink.symbioseo.fr\/site\/wp-json\/wp\/v2\/pages\/501","targetHints":{"allow":["GET"]}}],"collection":[{"href":"https:\/\/blink.symbioseo.fr\/site\/wp-json\/wp\/v2\/pages"}],"about":[{"href":"https:\/\/blink.symbioseo.fr\/site\/wp-json\/wp\/v2\/types\/page"}],"author":[{"embeddable":true,"href":"https:\/\/blink.symbioseo.fr\/site\/wp-json\/wp\/v2\/users\/1"}],"replies":[{"embeddable":true,"href":"https:\/\/blink.symbioseo.fr\/site\/wp-json\/wp\/v2\/comments?post=501"}],"version-history":[{"count":16,"href":"https:\/\/blink.symbioseo.fr\/site\/wp-json\/wp\/v2\/pages\/501\/revisions"}],"predecessor-version":[{"id":5973,"href":"https:\/\/blink.symbioseo.fr\/site\/wp-json\/wp\/v2\/pages\/501\/revisions\/5973"}],"wp:attachment":[{"href":"https:\/\/blink.symbioseo.fr\/site\/wp-json\/wp\/v2\/media?parent=501"}],"curies":[{"name":"wp","href":"https:\/\/api.w.org\/{rel}","templated":true}]}}