{"id":659,"date":"2015-02-16T09:49:17","date_gmt":"2015-02-16T09:49:17","guid":{"rendered":"https:\/\/blink.symbioseo.fr\/site\/?page_id=659"},"modified":"2022-07-13T14:10:11","modified_gmt":"2022-07-13T14:10:11","slug":"nous-contacter","status":"publish","type":"page","link":"https:\/\/blink.symbioseo.fr\/site\/nous-contacter\/","title":{"rendered":"Contactez-nous !"},"content":{"rendered":"\n<div style=\"height:55px\" aria-hidden=\"true\" class=\"wp-block-spacer\"><\/div>\n\n\n\n<h2 class=\"has-text-align-center wp-block-heading\"><strong>Business Link, agence de marketing digital B2B<\/strong><\/h2>\n\n\n\n<div style=\"height:55px\" aria-hidden=\"true\" class=\"wp-block-spacer\"><\/div>\n\n\n\n<p class=\"has-text-align-center\">N&rsquo;h\u00e9sitez pas \u00e0 nous contacter pour toute demande : gestion de votre fichier, campagne de prospection ou de fid\u00e9lisation, d\u00e9veloppement de sites et d&rsquo;applications Internet.<\/p>\n\n\n\n<div style=\"height:100px\" aria-hidden=\"true\" class=\"wp-block-spacer\"><\/div>\n\n\n\n<div class=\"wp-block-columns is-layout-flex wp-container-core-columns-is-layout-9d6595d7 wp-block-columns-is-layout-flex\">\n<div class=\"wp-block-column is-layout-flow wp-block-column-is-layout-flow\"><div class=\"wp-block-image\">\n<figure class=\"aligncenter size-full\"><a href=\"https:\/\/blink.symbioseo.fr\/site\/wp-content\/uploads\/2022\/07\/icon-pin.png\"><img loading=\"lazy\" decoding=\"async\" width=\"32\" height=\"32\" src=\"https:\/\/blink.symbioseo.fr\/site\/wp-content\/uploads\/2022\/07\/icon-pin.png\" alt=\"\" class=\"wp-image-6731\"\/><\/a><\/figure>\n<\/div><\/div>\n\n\n\n<div class=\"wp-block-column is-layout-flow wp-block-column-is-layout-flow\"><div class=\"wp-block-image\">\n<figure class=\"aligncenter size-full\"><a href=\"https:\/\/blink.symbioseo.fr\/site\/wp-content\/uploads\/2022\/07\/icon-phone.png\"><img loading=\"lazy\" decoding=\"async\" width=\"32\" height=\"32\" src=\"https:\/\/blink.symbioseo.fr\/site\/wp-content\/uploads\/2022\/07\/icon-phone.png\" alt=\"\" class=\"wp-image-6732\"\/><\/a><\/figure>\n<\/div><\/div>\n\n\n\n<div class=\"wp-block-column is-layout-flow wp-block-column-is-layout-flow\"><div class=\"wp-block-image\">\n<figure class=\"aligncenter size-full\"><a href=\"https:\/\/blink.symbioseo.fr\/site\/wp-content\/uploads\/2022\/07\/icon-mail.png\"><img loading=\"lazy\" decoding=\"async\" width=\"32\" height=\"32\" src=\"https:\/\/blink.symbioseo.fr\/site\/wp-content\/uploads\/2022\/07\/icon-mail.png\" alt=\"\" class=\"wp-image-6733\"\/><\/a><\/figure>\n<\/div><\/div>\n<\/div>\n\n\n\n<div class=\"wp-block-columns is-layout-flex wp-container-core-columns-is-layout-9d6595d7 wp-block-columns-is-layout-flex\">\n<div class=\"wp-block-column is-layout-flow wp-block-column-is-layout-flow\">\n<p class=\"has-text-align-center\">59 rue de l&rsquo;Union<br>59200 Tourcoing<\/p>\n<\/div>\n\n\n\n<div class=\"wp-block-column is-layout-flow wp-block-column-is-layout-flow\">\n<p class=\"has-text-align-center\">03 59 057 053<\/p>\n<\/div>\n\n\n\n<div class=\"wp-block-column is-layout-flow wp-block-column-is-layout-flow\">\n<p class=\"has-text-align-center\">contact@b-link.fr<\/p>\n<\/div>\n<\/div>\n\n\n\n<div style=\"height:40px\" aria-hidden=\"true\" class=\"wp-block-spacer\"><\/div>\n\n\n\n<p class=\"has-text-align-center\"><iframe loading=\"lazy\" style=\"border: 0;\" src=\"https:\/\/www.google.com\/maps\/embed?pb=!1m14!1m8!1m3!1d10106.21956001817!2d3.167538!3d50.709644!3m2!1i1024!2i768!4f13.1!3m3!1m2!1s0x0%3A0xe28e8ba72357f6d6!2sBusiness+Link!5e0!3m2!1sfr!2sfr!4v1424244412702\" width=\"600\" height=\"300\" frameborder=\"0\"><\/iframe><\/p>\n","protected":false},"excerpt":{"rendered":"<p>Business Link, agence de marketing digital B2B N&rsquo;h\u00e9sitez pas \u00e0 nous contacter pour toute demande : gestion de votre fichier, campagne de prospection ou de fid\u00e9lisation, d\u00e9veloppement de sites et d&rsquo;applications Internet. 59 rue de l&rsquo;Union59200 Tourcoing 03 59 057 053 contact@b-link.fr<\/p>\n","protected":false},"author":1,"featured_media":0,"parent":0,"menu_order":0,"comment_status":"open","ping_status":"open","template":"","meta":{"_acf_changed":false,"footnotes":""},"class_list":["post-659","page","type-page","status-publish","hentry"],"acf":[],"yoast_head":"<!-- This site is optimized with the Yoast SEO plugin v27.1 - https:\/\/yoast.com\/product\/yoast-seo-wordpress\/ -->\n<title>Contactez-nous ! | Business Link<\/title>\n<meta name=\"description\" content=\"Business Link, agence de marketing digital B2B N&#039;h\u00e9sitez pas \u00e0 nous contacter pour toute demande : gestion de votre fichier, campagne de prospection ou de\" \/>\n<meta name=\"robots\" content=\"noindex, follow, max-snippet:-1, max-image-preview:large, max-video-preview:-1\" \/>\n<meta property=\"og:locale\" content=\"fr_FR\" \/>\n<meta property=\"og:type\" content=\"article\" \/>\n<meta property=\"og:title\" content=\"Contactez-nous ! | Business Link\" \/>\n<meta property=\"og:description\" content=\"Business Link, agence de marketing digital B2B N&#039;h\u00e9sitez pas \u00e0 nous contacter pour toute demande : gestion de votre fichier, campagne de prospection ou de\" \/>\n<meta property=\"og:url\" content=\"https:\/\/blink.symbioseo.fr\/site\/nous-contacter\/\" \/>\n<meta property=\"og:site_name\" content=\"Business Link\" \/>\n<meta property=\"article:modified_time\" content=\"2022-07-13T14:10:11+00:00\" \/>\n<meta property=\"og:image\" content=\"https:\/\/blink.symbioseo.fr\/site\/wp-content\/uploads\/2022\/07\/icon-pin.png\" \/>\n<meta name=\"twitter:label1\" content=\"Dur\u00e9e de lecture estim\u00e9e\" \/>\n\t<meta name=\"twitter:data1\" content=\"1 minute\" \/>\n<script type=\"application\/ld+json\" class=\"yoast-schema-graph\">{\"@context\":\"https:\/\/schema.org\",\"@graph\":[{\"@type\":\"WebPage\",\"@id\":\"https:\/\/blink.symbioseo.fr\/site\/nous-contacter\/\",\"url\":\"https:\/\/blink.symbioseo.fr\/site\/nous-contacter\/\",\"name\":\"Contactez-nous ! | Business Link\",\"isPartOf\":{\"@id\":\"https:\/\/blink.symbioseo.fr\/site\/#website\"},\"primaryImageOfPage\":{\"@id\":\"https:\/\/blink.symbioseo.fr\/site\/nous-contacter\/#primaryimage\"},\"image\":{\"@id\":\"https:\/\/blink.symbioseo.fr\/site\/nous-contacter\/#primaryimage\"},\"thumbnailUrl\":\"https:\/\/blink.symbioseo.fr\/site\/wp-content\/uploads\/2022\/07\/icon-pin.png\",\"datePublished\":\"2015-02-16T09:49:17+00:00\",\"dateModified\":\"2022-07-13T14:10:11+00:00\",\"description\":\"Business Link, agence de marketing digital B2B N'h\u00e9sitez pas \u00e0 nous contacter pour toute demande : gestion de votre fichier, campagne de prospection ou de\",\"breadcrumb\":{\"@id\":\"https:\/\/blink.symbioseo.fr\/site\/nous-contacter\/#breadcrumb\"},\"inLanguage\":\"fr-FR\",\"potentialAction\":[{\"@type\":\"ReadAction\",\"target\":[\"https:\/\/blink.symbioseo.fr\/site\/nous-contacter\/\"]}]},{\"@type\":\"ImageObject\",\"inLanguage\":\"fr-FR\",\"@id\":\"https:\/\/blink.symbioseo.fr\/site\/nous-contacter\/#primaryimage\",\"url\":\"https:\/\/blink.symbioseo.fr\/site\/wp-content\/uploads\/2022\/07\/icon-pin.png\",\"contentUrl\":\"https:\/\/blink.symbioseo.fr\/site\/wp-content\/uploads\/2022\/07\/icon-pin.png\",\"width\":32,\"height\":32},{\"@type\":\"BreadcrumbList\",\"@id\":\"https:\/\/blink.symbioseo.fr\/site\/nous-contacter\/#breadcrumb\",\"itemListElement\":[{\"@type\":\"ListItem\",\"position\":1,\"name\":\"Accueil\",\"item\":\"https:\/\/blink.symbioseo.fr\/site\/\"},{\"@type\":\"ListItem\",\"position\":2,\"name\":\"Contactez-nous !\"}]},{\"@type\":\"WebSite\",\"@id\":\"https:\/\/blink.symbioseo.fr\/site\/#website\",\"url\":\"https:\/\/blink.symbioseo.fr\/site\/\",\"name\":\"Business Link\",\"description\":\"L&#039;expert B2B qui accompagne votre d\u00e9veloppement\",\"potentialAction\":[{\"@type\":\"SearchAction\",\"target\":{\"@type\":\"EntryPoint\",\"urlTemplate\":\"https:\/\/blink.symbioseo.fr\/site\/?s={search_term_string}\"},\"query-input\":{\"@type\":\"PropertyValueSpecification\",\"valueRequired\":true,\"valueName\":\"search_term_string\"}}],\"inLanguage\":\"fr-FR\"}]}<\/script>\n<!-- \/ Yoast SEO plugin. -->","yoast_head_json":{"title":"Contactez-nous ! | Business Link","description":"Business Link, agence de marketing digital B2B N'h\u00e9sitez pas \u00e0 nous contacter pour toute demande : gestion de votre fichier, campagne de prospection ou de","robots":{"index":"noindex","follow":"follow","max-snippet":"max-snippet:-1","max-image-preview":"max-image-preview:large","max-video-preview":"max-video-preview:-1"},"og_locale":"fr_FR","og_type":"article","og_title":"Contactez-nous ! | Business Link","og_description":"Business Link, agence de marketing digital B2B N'h\u00e9sitez pas \u00e0 nous contacter pour toute demande : gestion de votre fichier, campagne de prospection ou de","og_url":"https:\/\/blink.symbioseo.fr\/site\/nous-contacter\/","og_site_name":"Business Link","article_modified_time":"2022-07-13T14:10:11+00:00","og_image":[{"url":"https:\/\/blink.symbioseo.fr\/site\/wp-content\/uploads\/2022\/07\/icon-pin.png","type":"","width":"","height":""}],"twitter_misc":{"Dur\u00e9e de lecture estim\u00e9e":"1 minute"},"schema":{"@context":"https:\/\/schema.org","@graph":[{"@type":"WebPage","@id":"https:\/\/blink.symbioseo.fr\/site\/nous-contacter\/","url":"https:\/\/blink.symbioseo.fr\/site\/nous-contacter\/","name":"Contactez-nous ! | Business Link","isPartOf":{"@id":"https:\/\/blink.symbioseo.fr\/site\/#website"},"primaryImageOfPage":{"@id":"https:\/\/blink.symbioseo.fr\/site\/nous-contacter\/#primaryimage"},"image":{"@id":"https:\/\/blink.symbioseo.fr\/site\/nous-contacter\/#primaryimage"},"thumbnailUrl":"https:\/\/blink.symbioseo.fr\/site\/wp-content\/uploads\/2022\/07\/icon-pin.png","datePublished":"2015-02-16T09:49:17+00:00","dateModified":"2022-07-13T14:10:11+00:00","description":"Business Link, agence de marketing digital B2B N'h\u00e9sitez pas \u00e0 nous contacter pour toute demande : gestion de votre fichier, campagne de prospection ou de","breadcrumb":{"@id":"https:\/\/blink.symbioseo.fr\/site\/nous-contacter\/#breadcrumb"},"inLanguage":"fr-FR","potentialAction":[{"@type":"ReadAction","target":["https:\/\/blink.symbioseo.fr\/site\/nous-contacter\/"]}]},{"@type":"ImageObject","inLanguage":"fr-FR","@id":"https:\/\/blink.symbioseo.fr\/site\/nous-contacter\/#primaryimage","url":"https:\/\/blink.symbioseo.fr\/site\/wp-content\/uploads\/2022\/07\/icon-pin.png","contentUrl":"https:\/\/blink.symbioseo.fr\/site\/wp-content\/uploads\/2022\/07\/icon-pin.png","width":32,"height":32},{"@type":"BreadcrumbList","@id":"https:\/\/blink.symbioseo.fr\/site\/nous-contacter\/#breadcrumb","itemListElement":[{"@type":"ListItem","position":1,"name":"Accueil","item":"https:\/\/blink.symbioseo.fr\/site\/"},{"@type":"ListItem","position":2,"name":"Contactez-nous !"}]},{"@type":"WebSite","@id":"https:\/\/blink.symbioseo.fr\/site\/#website","url":"https:\/\/blink.symbioseo.fr\/site\/","name":"Business Link","description":"L&#039;expert B2B qui accompagne votre d\u00e9veloppement","potentialAction":[{"@type":"SearchAction","target":{"@type":"EntryPoint","urlTemplate":"https:\/\/blink.symbioseo.fr\/site\/?s={search_term_string}"},"query-input":{"@type":"PropertyValueSpecification","valueRequired":true,"valueName":"search_term_string"}}],"inLanguage":"fr-FR"}]}},"_links":{"self":[{"href":"https:\/\/blink.symbioseo.fr\/site\/wp-json\/wp\/v2\/pages\/659","targetHints":{"allow":["GET"]}}],"collection":[{"href":"https:\/\/blink.symbioseo.fr\/site\/wp-json\/wp\/v2\/pages"}],"about":[{"href":"https:\/\/blink.symbioseo.fr\/site\/wp-json\/wp\/v2\/types\/page"}],"author":[{"embeddable":true,"href":"https:\/\/blink.symbioseo.fr\/site\/wp-json\/wp\/v2\/users\/1"}],"replies":[{"embeddable":true,"href":"https:\/\/blink.symbioseo.fr\/site\/wp-json\/wp\/v2\/comments?post=659"}],"version-history":[{"count":39,"href":"https:\/\/blink.symbioseo.fr\/site\/wp-json\/wp\/v2\/pages\/659\/revisions"}],"predecessor-version":[{"id":6752,"href":"https:\/\/blink.symbioseo.fr\/site\/wp-json\/wp\/v2\/pages\/659\/revisions\/6752"}],"wp:attachment":[{"href":"https:\/\/blink.symbioseo.fr\/site\/wp-json\/wp\/v2\/media?parent=659"}],"curies":[{"name":"wp","href":"https:\/\/api.w.org\/{rel}","templated":true}]}}